{"id":10944,"date":"2026-04-16T16:49:30","date_gmt":"2026-04-16T13:49:30","guid":{"rendered":"http:\/\/www.prestijtasarim.com\/?page_id=10944"},"modified":"2026-04-16T17:24:27","modified_gmt":"2026-04-16T14:24:27","slug":"cumhurbaskanligi-bisiklet-turu","status":"publish","type":"page","link":"http:\/\/www.prestijtasarim.com\/?page_id=10944","title":{"rendered":"cumhurba\u015fkanl\u0131\u011f\u0131 bisiklet turu"},"content":{"rendered":"<div data-colibri-id=\"10944-c1\" class=\"style-1593 style-local-10944-c1 position-relative\">\n  <!---->\n  <div data-colibri-component=\"section\" data-colibri-id=\"10944-c2\" id=\"photo-gallery\" class=\"h-section h-section-global-spacing d-flex align-items-lg-center align-items-md-center align-items-center style-1594 style-local-10944-c2 position-relative\">\n    <!---->\n    <!---->\n    <div class=\"h-section-grid-container h-section-boxed-container\">\n      <!---->\n      <div data-colibri-id=\"10944-c3\" class=\"h-row-container gutters-row-lg-1 gutters-row-md-1 gutters-row-2 gutters-row-v-lg-1 gutters-row-v-md-1 gutters-row-v-2 style-1595 style-local-10944-c3 position-relative\">\n        <!---->\n        <div class=\"h-row justify-content-lg-center justify-content-md-center justify-content-center align-items-lg-stretch align-items-md-stretch align-items-stretch gutters-col-lg-1 gutters-col-md-1 gutters-col-2 gutters-col-v-lg-1 gutters-col-v-md-1 gutters-col-v-2\">\n          <!---->\n          <div class=\"h-column h-column-container d-flex h-col-lg-auto h-col-md-auto h-col-auto style-1596-outer style-local-10944-c4-outer\">\n            <div data-colibri-id=\"10944-c4\" class=\"d-flex h-flex-basis h-column__inner h-px-lg-1 h-px-md-1 h-px-2 v-inner-lg-1 v-inner-md-1 v-inner-2 style-1596 style-local-10944-c4 position-relative\">\n              <!---->\n              <!---->\n              <div class=\"w-100 h-y-container h-column__content h-column__v-align flex-basis-100 align-self-lg-start align-self-md-start align-self-start\">\n                <!---->\n                <div data-colibri-id=\"10944-c5\" class=\"style-1602 style-local-10944-c5 position-relative h-element\">\n                  <!---->\n                <\/div>\n                <div data-colibri-component=\"\" data-colibri-id=\"10944-c6\" class=\"h-photo-gallery margin-none caption-displayTrue caption-vertical-align-top style-1597 style-local-10944-c6 h-overflow-hidden position-relative h-element\">\n                  <!---->\n                  <div class=\"h-global-transition-all\"><div id='colibri-10944-c6' class='gallery-wrapper'>    <style type=\"text\/css\">\n\n        @media (min-width: 1023px) {        #colibri-10944-c6        dl {\n            float: left;\n            width: 25% !important;\n            max-width: 25% !important;\n            min-width: 25% !important;\n        }\n\n        #colibri-10944-c6        dl:nth-of-type(4n +1 ) {\n            clear: both;\n        }\n\n        }@media (min-width: 768px) and (max-width: 1023px) {        #colibri-10944-c6        dl {\n            float: left;\n            width: 25% !important;\n            max-width: 25% !important;\n            min-width: 25% !important;\n        }\n\n        #colibri-10944-c6        dl:nth-of-type(4n +1 ) {\n            clear: both;\n        }\n\n        }@media (max-width: 767px) {        #colibri-10944-c6        dl {\n            float: left;\n            width: 50% !important;\n            max-width: 50% !important;\n            min-width: 50% !important;\n        }\n\n        #colibri-10944-c6        dl:nth-of-type(2n +1 ) {\n            clear: both;\n        }\n\n        }\n        #colibri-10944-c6        .gallery-item {\n            position: relative;\n        }\n\n        \n    <\/style>\n    <div   class='colibri-10944-c6-dls-wrapper gallery-items-wrapper' ><dl class='gallery-item masonry-item'>\n\t\t\t<dt class='gallery-icon landscape'>\n\t\t\t\t<a data-fancybox=\"colibri-10944-c6-group\" href='http:\/\/www.prestijtasarim.com\/wp-content\/uploads\/2026\/04\/WhatsApp-Image-2026-04-09-at-00.12.2265.jpeg'><img loading=\"lazy\" decoding=\"async\"  width=\"363\" height=\"272\" src=\"http:\/\/www.prestijtasarim.com\/wp-content\/uploads\/2026\/04\/WhatsApp-Image-2026-04-09-at-00.12.2265-363x272.jpeg\"  class='colibri-10944-c6-image' alt=\"\" srcset=\"http:\/\/www.prestijtasarim.com\/wp-content\/uploads\/2026\/04\/WhatsApp-Image-2026-04-09-at-00.12.2265-363x272.jpeg 363w, http:\/\/www.prestijtasarim.com\/wp-content\/uploads\/2026\/04\/WhatsApp-Image-2026-04-09-at-00.12.2265-768x576.jpeg 768w, http:\/\/www.prestijtasarim.com\/wp-content\/uploads\/2026\/04\/WhatsApp-Image-2026-04-09-at-00.12.2265-1536x1152.jpeg 1536w, http:\/\/www.prestijtasarim.com\/wp-content\/uploads\/2026\/04\/WhatsApp-Image-2026-04-09-at-00.12.2265.jpeg 1600w\" sizes=\"auto, (max-width: 363px) 100vw, 363px\" \/><\/a>\n\t\t\t<\/dt><\/dl><dl class='gallery-item masonry-item'>\n\t\t\t<dt class='gallery-icon landscape'>\n\t\t\t\t<a data-fancybox=\"colibri-10944-c6-group\" href='http:\/\/www.prestijtasarim.com\/wp-content\/uploads\/2026\/04\/WhatsApp-Image-2026-04-09-at-00.12.22777.jpeg'><img loading=\"lazy\" decoding=\"async\"  width=\"363\" height=\"272\" src=\"http:\/\/www.prestijtasarim.com\/wp-content\/uploads\/2026\/04\/WhatsApp-Image-2026-04-09-at-00.12.22777-363x272.jpeg\"  class='colibri-10944-c6-image' alt=\"\" srcset=\"http:\/\/www.prestijtasarim.com\/wp-content\/uploads\/2026\/04\/WhatsApp-Image-2026-04-09-at-00.12.22777-363x272.jpeg 363w, http:\/\/www.prestijtasarim.com\/wp-content\/uploads\/2026\/04\/WhatsApp-Image-2026-04-09-at-00.12.22777-768x576.jpeg 768w, http:\/\/www.prestijtasarim.com\/wp-content\/uploads\/2026\/04\/WhatsApp-Image-2026-04-09-at-00.12.22777-1536x1152.jpeg 1536w, http:\/\/www.prestijtasarim.com\/wp-content\/uploads\/2026\/04\/WhatsApp-Image-2026-04-09-at-00.12.22777.jpeg 1600w\" sizes=\"auto, (max-width: 363px) 100vw, 363px\" \/><\/a>\n\t\t\t<\/dt><\/dl><dl class='gallery-item masonry-item'>\n\t\t\t<dt class='gallery-icon landscape'>\n\t\t\t\t<a data-fancybox=\"colibri-10944-c6-group\" href='http:\/\/www.prestijtasarim.com\/wp-content\/uploads\/2026\/04\/WhatsApp-Image-2026-04-09-a9t-00.12.23.jpeg'><img loading=\"lazy\" decoding=\"async\"  width=\"363\" height=\"272\" src=\"http:\/\/www.prestijtasarim.com\/wp-content\/uploads\/2026\/04\/WhatsApp-Image-2026-04-09-a9t-00.12.23-363x272.jpeg\"  class='colibri-10944-c6-image' alt=\"\" srcset=\"http:\/\/www.prestijtasarim.com\/wp-content\/uploads\/2026\/04\/WhatsApp-Image-2026-04-09-a9t-00.12.23-363x272.jpeg 363w, http:\/\/www.prestijtasarim.com\/wp-content\/uploads\/2026\/04\/WhatsApp-Image-2026-04-09-a9t-00.12.23-768x576.jpeg 768w, http:\/\/www.prestijtasarim.com\/wp-content\/uploads\/2026\/04\/WhatsApp-Image-2026-04-09-a9t-00.12.23-1536x1152.jpeg 1536w, http:\/\/www.prestijtasarim.com\/wp-content\/uploads\/2026\/04\/WhatsApp-Image-2026-04-09-a9t-00.12.23.jpeg 1600w\" sizes=\"auto, (max-width: 363px) 100vw, 363px\" \/><\/a>\n\t\t\t<\/dt><\/dl><dl class='gallery-item masonry-item'>\n\t\t\t<dt class='gallery-icon landscape'>\n\t\t\t\t<a data-fancybox=\"colibri-10944-c6-group\" href='http:\/\/www.prestijtasarim.com\/wp-content\/uploads\/2026\/04\/WhatsApp-Image-2026-04-09-at-00.12.228.jpeg'><img loading=\"lazy\" decoding=\"async\"  width=\"363\" height=\"272\" src=\"http:\/\/www.prestijtasarim.com\/wp-content\/uploads\/2026\/04\/WhatsApp-Image-2026-04-09-at-00.12.228-363x272.jpeg\"  class='colibri-10944-c6-image' alt=\"\" srcset=\"http:\/\/www.prestijtasarim.com\/wp-content\/uploads\/2026\/04\/WhatsApp-Image-2026-04-09-at-00.12.228-363x272.jpeg 363w, http:\/\/www.prestijtasarim.com\/wp-content\/uploads\/2026\/04\/WhatsApp-Image-2026-04-09-at-00.12.228-768x576.jpeg 768w, http:\/\/www.prestijtasarim.com\/wp-content\/uploads\/2026\/04\/WhatsApp-Image-2026-04-09-at-00.12.228-1536x1152.jpeg 1536w, http:\/\/www.prestijtasarim.com\/wp-content\/uploads\/2026\/04\/WhatsApp-Image-2026-04-09-at-00.12.228.jpeg 1600w\" sizes=\"auto, (max-width: 363px) 100vw, 363px\" \/><\/a>\n\t\t\t<\/dt><\/dl><dl class='gallery-item masonry-item'>\n\t\t\t<dt class='gallery-icon landscape'>\n\t\t\t\t<a data-fancybox=\"colibri-10944-c6-group\" href='http:\/\/www.prestijtasarim.com\/wp-content\/uploads\/2026\/04\/WhatsApp-Image-2026-04-09-at-00.12.003.jpeg'><img loading=\"lazy\" decoding=\"async\"  width=\"363\" height=\"272\" src=\"http:\/\/www.prestijtasarim.com\/wp-content\/uploads\/2026\/04\/WhatsApp-Image-2026-04-09-at-00.12.003-363x272.jpeg\"  class='colibri-10944-c6-image' alt=\"\" srcset=\"http:\/\/www.prestijtasarim.com\/wp-content\/uploads\/2026\/04\/WhatsApp-Image-2026-04-09-at-00.12.003-363x272.jpeg 363w, http:\/\/www.prestijtasarim.com\/wp-content\/uploads\/2026\/04\/WhatsApp-Image-2026-04-09-at-00.12.003-768x576.jpeg 768w, http:\/\/www.prestijtasarim.com\/wp-content\/uploads\/2026\/04\/WhatsApp-Image-2026-04-09-at-00.12.003-1536x1152.jpeg 1536w, http:\/\/www.prestijtasarim.com\/wp-content\/uploads\/2026\/04\/WhatsApp-Image-2026-04-09-at-00.12.003.jpeg 1600w\" sizes=\"auto, (max-width: 363px) 100vw, 363px\" \/><\/a>\n\t\t\t<\/dt><\/dl><dl class='gallery-item masonry-item'>\n\t\t\t<dt class='gallery-icon portrait'>\n\t\t\t\t<a data-fancybox=\"colibri-10944-c6-group\" href='http:\/\/www.prestijtasarim.com\/wp-content\/uploads\/2026\/04\/WhatsApp-Image-2026-04-09-at-00.12.230.jpeg'><img loading=\"lazy\" decoding=\"async\"  width=\"204\" height=\"272\" src=\"http:\/\/www.prestijtasarim.com\/wp-content\/uploads\/2026\/04\/WhatsApp-Image-2026-04-09-at-00.12.230-204x272.jpeg\"  class='colibri-10944-c6-image' alt=\"\" srcset=\"http:\/\/www.prestijtasarim.com\/wp-content\/uploads\/2026\/04\/WhatsApp-Image-2026-04-09-at-00.12.230-204x272.jpeg 204w, http:\/\/www.prestijtasarim.com\/wp-content\/uploads\/2026\/04\/WhatsApp-Image-2026-04-09-at-00.12.230-768x1024.jpeg 768w, http:\/\/www.prestijtasarim.com\/wp-content\/uploads\/2026\/04\/WhatsApp-Image-2026-04-09-at-00.12.230-1152x1536.jpeg 1152w, http:\/\/www.prestijtasarim.com\/wp-content\/uploads\/2026\/04\/WhatsApp-Image-2026-04-09-at-00.12.230.jpeg 1200w\" sizes=\"auto, (max-width: 204px) 100vw, 204px\" \/><\/a>\n\t\t\t<\/dt><\/dl><dl class='gallery-item masonry-item'>\n\t\t\t<dt class='gallery-icon portrait'>\n\t\t\t\t<a data-fancybox=\"colibri-10944-c6-group\" href='http:\/\/www.prestijtasarim.com\/wp-content\/uploads\/2026\/04\/WhatsApp-Image-2026-04-09-at-00.12.23.jpeg'><img loading=\"lazy\" decoding=\"async\"  width=\"204\" height=\"272\" src=\"http:\/\/www.prestijtasarim.com\/wp-content\/uploads\/2026\/04\/WhatsApp-Image-2026-04-09-at-00.12.23-204x272.jpeg\"  class='colibri-10944-c6-image' alt=\"\" srcset=\"http:\/\/www.prestijtasarim.com\/wp-content\/uploads\/2026\/04\/WhatsApp-Image-2026-04-09-at-00.12.23-204x272.jpeg 204w, http:\/\/www.prestijtasarim.com\/wp-content\/uploads\/2026\/04\/WhatsApp-Image-2026-04-09-at-00.12.23-768x1024.jpeg 768w, http:\/\/www.prestijtasarim.com\/wp-content\/uploads\/2026\/04\/WhatsApp-Image-2026-04-09-at-00.12.23-1152x1536.jpeg 1152w, http:\/\/www.prestijtasarim.com\/wp-content\/uploads\/2026\/04\/WhatsApp-Image-2026-04-09-at-00.12.23.jpeg 1200w\" sizes=\"auto, (max-width: 204px) 100vw, 204px\" \/><\/a>\n\t\t\t<\/dt><\/dl>\n\t\t\t\n\t\t<\/div>\n<style>#colibri-10944-c6 .wp-caption-text.gallery-caption{display:none;}<\/style><\/div><\/div>\n                <\/div>\n              <\/div>\n            <\/div>\n          <\/div>\n        <\/div>\n      <\/div>\n    <\/div>\n  <\/div>\n<\/div>","protected":false},"excerpt":{"rendered":"@media (min-width: 1023px) { #colibri-10944-c6 dl { float: left; width: 25% !important; max-width: 25% !important; min-width: 25% !important; } #colibri-10944-c6 dl:nth-of-type(4n +1 ) { clear: both; } }@media (min-width: 768px) and (max-width: 1023px) { #colibri-10944-c6 dl { float: left; width: 25% !important; max-width: 25% !important; min-width: 25% !important; } #colibri-10944-c6 dl:nth-of-type(4n +1 ) { clear: [...]","protected":false},"author":1,"featured_media":0,"parent":0,"menu_order":0,"comment_status":"closed","ping_status":"closed","template":"page-templates\/full-width-page.php","meta":{"footnotes":""},"class_list":["post-10944","page","type-page","status-publish","hentry"],"_links":{"self":[{"href":"http:\/\/www.prestijtasarim.com\/index.php?rest_route=\/wp\/v2\/pages\/10944","targetHints":{"allow":["GET"]}}],"collection":[{"href":"http:\/\/www.prestijtasarim.com\/index.php?rest_route=\/wp\/v2\/pages"}],"about":[{"href":"http:\/\/www.prestijtasarim.com\/index.php?rest_route=\/wp\/v2\/types\/page"}],"author":[{"embeddable":true,"href":"http:\/\/www.prestijtasarim.com\/index.php?rest_route=\/wp\/v2\/users\/1"}],"replies":[{"embeddable":true,"href":"http:\/\/www.prestijtasarim.com\/index.php?rest_route=%2Fwp%2Fv2%2Fcomments&post=10944"}],"version-history":[{"count":3,"href":"http:\/\/www.prestijtasarim.com\/index.php?rest_route=\/wp\/v2\/pages\/10944\/revisions"}],"predecessor-version":[{"id":11013,"href":"http:\/\/www.prestijtasarim.com\/index.php?rest_route=\/wp\/v2\/pages\/10944\/revisions\/11013"}],"wp:attachment":[{"href":"http:\/\/www.prestijtasarim.com\/index.php?rest_route=%2Fwp%2Fv2%2Fmedia&parent=10944"}],"curies":[{"name":"wp","href":"https:\/\/api.w.org\/{rel}","templated":true}]}}